{"id":186,"date":"2023-11-01T05:30:49","date_gmt":"2023-11-01T05:30:49","guid":{"rendered":"https:\/\/madeniyat.uz\/?page_id=186"},"modified":"2023-11-04T08:09:16","modified_gmt":"2023-11-04T08:09:16","slug":"oqiw-orinlari","status":"publish","type":"page","link":"https:\/\/krmadeniyat.uz\/ru\/oqiw-orinlari","title":{"rendered":"(Qaraqalpaq) Oq\u0131w or\u0131nlar\u0131"},"content":{"rendered":"<p class=\"qtranxs-available-languages-message qtranxs-available-languages-message-ru\">\u0418\u0437\u0432\u0438\u043d\u0438\u0442\u0435, \u044d\u0442\u043e\u0442 \u0442\u0435\u0445\u0442 \u0434\u043e\u0441\u0442\u0443\u043f\u0435\u043d \u0442\u043e\u043b\u044c\u043a\u043e \u0432 &ldquo;<a href=\"https:\/\/krmadeniyat.uz\/qq\/wp-json\/wp\/v2\/pages\/186\" class=\"qtranxs-available-language-link qtranxs-available-language-link-qq\" title=\"Qaraqalpaq\">Qaraqalpaq<\/a>&rdquo;.<\/p>","protected":false},"excerpt":{"rendered":"<p>\u0418\u0437\u0432\u0438\u043d\u0438\u0442\u0435, \u044d\u0442\u043e\u0442 \u0442\u0435\u0445\u0442 \u0434\u043e\u0441\u0442\u0443\u043f\u0435\u043d \u0442\u043e\u043b\u044c\u043a\u043e \u0432 &ldquo;Qaraqalpaq&rdquo;.<\/p>\n","protected":false},"author":1,"featured_media":0,"parent":0,"menu_order":0,"comment_status":"closed","ping_status":"closed","template":"","meta":{"footnotes":""},"_links":{"self":[{"href":"https:\/\/krmadeniyat.uz\/ru\/wp-json\/wp\/v2\/pages\/186"}],"collection":[{"href":"https:\/\/krmadeniyat.uz\/ru\/wp-json\/wp\/v2\/pages"}],"about":[{"href":"https:\/\/krmadeniyat.uz\/ru\/wp-json\/wp\/v2\/types\/page"}],"author":[{"embeddable":true,"href":"https:\/\/krmadeniyat.uz\/ru\/wp-json\/wp\/v2\/users\/1"}],"replies":[{"embeddable":true,"href":"https:\/\/krmadeniyat.uz\/ru\/wp-json\/wp\/v2\/comments?post=186"}],"version-history":[{"count":41,"href":"https:\/\/krmadeniyat.uz\/ru\/wp-json\/wp\/v2\/pages\/186\/revisions"}],"predecessor-version":[{"id":421,"href":"https:\/\/krmadeniyat.uz\/ru\/wp-json\/wp\/v2\/pages\/186\/revisions\/421"}],"wp:attachment":[{"href":"https:\/\/krmadeniyat.uz\/ru\/wp-json\/wp\/v2\/media?parent=186"}],"curies":[{"name":"wp","href":"https:\/\/api.w.org\/{rel}","templated":true}]}}